{"id":303,"date":"2019-05-16T03:46:47","date_gmt":"2019-05-16T03:46:47","guid":{"rendered":"http:\/\/192.168.1.123\/wordpress-work\/edumy\/?page_id=303"},"modified":"2026-01-13T22:48:18","modified_gmt":"2026-01-13T22:48:18","slug":"contacto","status":"publish","type":"page","link":"https:\/\/hardcore-pasteur.212-227-163-112.plesk.page\/index.php\/contacto\/","title":{"rendered":"Contacto"},"content":{"rendered":"\t\t<div data-elementor-type=\"wp-post\" data-elementor-id=\"303\" class=\"elementor elementor-303\">\n\t\t\t\t\t\t<section class=\"elementor-section elementor-top-section elementor-element elementor-element-6487c21 elementor-section-stretched elementor-section-boxed elementor-section-height-default elementor-section-height-default\" data-id=\"6487c21\" data-element_type=\"section\" data-settings=\"{&quot;stretch_section&quot;:&quot;section-stretched&quot;}\">\n\t\t\t\t\t\t<div class=\"elementor-container elementor-column-gap-extended\">\n\t\t\t\t\t<div class=\"elementor-column elementor-col-50 elementor-top-column elementor-element elementor-element-058ebfe\" data-id=\"058ebfe\" data-element_type=\"column\">\n\t\t\t<div class=\"elementor-widget-wrap elementor-element-populated\">\n\t\t\t\t\t\t<div class=\"elementor-element elementor-element-03d72a8 elementor-widget elementor-widget-heading\" data-id=\"03d72a8\" data-element_type=\"widget\" data-widget_type=\"heading.default\">\n\t\t\t\t\t<h2 class=\"elementor-heading-title elementor-size-default\">Solicita informaci\u00f3n y conoce todas las opciones disponibles en Nova Burriana.<\/h2>\t\t\t\t<\/div>\n\t\t\t\t<div class=\"elementor-element elementor-element-9047803 elementor-widget elementor-widget-heading\" data-id=\"9047803\" data-element_type=\"widget\" data-widget_type=\"heading.default\">\n\t\t\t\t\t<p class=\"elementor-heading-title elementor-size-default\"><p data-start=\"690\" data-end=\"792\"><span data-start=\"690\" data-end=\"792\">Nuestro equipo te asesorar\u00e1 personalmente para que descubras Nova Burriana con total tranquilidad.<\/span><\/p><\/p>\t\t\t\t<\/div>\n\t\t\t\t<div class=\"elementor-element elementor-element-638c17c elementor-widget elementor-widget-text-editor\" data-id=\"638c17c\" data-element_type=\"widget\" data-widget_type=\"text-editor.default\">\n\t\t\t\t\t\t\t\t\t<div class=\"apus-list-contact\"><ul class=\"apus-list-contact-address list-unstyled\"><li><strong>Direcci\u00f3n:<\/strong><\/li><li><div class=\"aiAXrc\">Carrer de Ruiz Zorrilla, 2<\/div><p><span class=\"fMYBhe\">12001 Castell\u00f3 de la Plana, Castell\u00f3<\/span><\/p><\/li><\/ul><ul class=\"apus-list-contact-address list-unstyled\"><li><strong>Contacto:<\/strong><\/li><li><a href=\"mailto:info@enebgroup.com\">info@enebgroup.com<\/a><a href=\"tel:+8441900444336\"> (+34)<\/a><a style=\"background-color: #ffffff; display: inline !important;\" href=\"https:\/\/www.google.com\/search?q=Eneb+Group&amp;oq=Eneb+Group&amp;gs_lcrp=EgZjaHJvbWUqEQgAEEUYJxg7GOMCGIAEGIoFMhEIABBFGCcYOxjjAhiABBiKBTIVCAEQLhgnGK8BGMcBGIAEGIoFGI4FMgYIAhBFGEAyBwgDEAAYgAQyCAgEEAAYFhgeMgYIBRBFGDwyBggGEEUYPDIGCAcQRRg80gEIMzk5MWowajSoAgCwAgE&amp;sourceid=chrome&amp;ie=UTF-8#\" data-dtype=\"d3ph\" data-local-attribute=\"d3ph\" data-ved=\"2ahUKEwibi4nbn4iSAxVuSEEAHUfZCWYQkAgoAHoECC4QAg\"><span aria-label=\"Llamar al n\u00famero de tel\u00e9fono 644 65 62 67\">644 65 62 67<\/span><\/a><\/li><\/ul><\/div>\t\t\t\t\t\t\t\t<\/div>\n\t\t\t\t\t<\/div>\n\t\t<\/div>\n\t\t\t\t<div class=\"elementor-column elementor-col-50 elementor-top-column elementor-element elementor-element-d5dfb02\" data-id=\"d5dfb02\" data-element_type=\"column\">\n\t\t\t<div class=\"elementor-widget-wrap elementor-element-populated\">\n\t\t\t\t\t\t<div class=\"elementor-element elementor-element-9e9d82f elementor-widget elementor-widget-apus_element_team\" data-id=\"9e9d82f\" data-element_type=\"widget\" data-widget_type=\"apus_element_team.default\">\n\t\t\t\t<div class=\"elementor-widget-container\">\n\t\t\t\t\t        <div class=\"widget-team  horizontal\">\n\n                                    <div class=\"team-image\">\n                        <div class=\"image-wrapper\"><img fetchpriority=\"high\" decoding=\"async\" width=\"2000\" height=\"2000\" src=\"https:\/\/hardcore-pasteur.212-227-163-112.plesk.page\/wp-content\/uploads\/2026\/01\/3.png\" class=\"attachment-full size-full\" alt=\"\" srcset=\"https:\/\/hardcore-pasteur.212-227-163-112.plesk.page\/wp-content\/uploads\/2026\/01\/3.png 2000w, https:\/\/hardcore-pasteur.212-227-163-112.plesk.page\/wp-content\/uploads\/2026\/01\/3-300x300.png 300w, https:\/\/hardcore-pasteur.212-227-163-112.plesk.page\/wp-content\/uploads\/2026\/01\/3-1024x1024.png 1024w, https:\/\/hardcore-pasteur.212-227-163-112.plesk.page\/wp-content\/uploads\/2026\/01\/3-150x150.png 150w, https:\/\/hardcore-pasteur.212-227-163-112.plesk.page\/wp-content\/uploads\/2026\/01\/3-768x768.png 768w, https:\/\/hardcore-pasteur.212-227-163-112.plesk.page\/wp-content\/uploads\/2026\/01\/3-1536x1536.png 1536w\" sizes=\"(max-width: 2000px) 100vw, 2000px\" \/><\/div>                    <\/div>\n                                <div class=\"content\">\n                                            <h3 class=\"name-team\">\n                                                            Adrian A\u00f1o                                                    <\/h3>\n                    \n                                            <div class=\"email\">                            \n                            <a href=\"mailto:adri@enebgroup.com\" target=\"_top\">adri@enebgroup.com<\/a>\n                        <\/div>\n                    \n                                            <div class=\"phone\">                            \n                            <a href=\"tel:(+34) 644 65 62 67\">(+34) 644 65 62 67<\/a>\n                        <\/div>\n                                    <\/div>\n        <\/div>\n        \t\t\t\t<\/div>\n\t\t\t\t<\/div>\n\t\t\t\t<div class=\"elementor-element elementor-element-1ab418e elementor-widget elementor-widget-apus_element_team\" data-id=\"1ab418e\" data-element_type=\"widget\" data-widget_type=\"apus_element_team.default\">\n\t\t\t\t<div class=\"elementor-widget-container\">\n\t\t\t\t\t        <div class=\"widget-team  horizontal\">\n\n                                    <div class=\"team-image\">\n                        <div class=\"image-wrapper\"><img decoding=\"async\" width=\"2000\" height=\"2000\" src=\"https:\/\/hardcore-pasteur.212-227-163-112.plesk.page\/wp-content\/uploads\/2026\/01\/4.png\" class=\"attachment-full size-full\" alt=\"\" srcset=\"https:\/\/hardcore-pasteur.212-227-163-112.plesk.page\/wp-content\/uploads\/2026\/01\/4.png 2000w, https:\/\/hardcore-pasteur.212-227-163-112.plesk.page\/wp-content\/uploads\/2026\/01\/4-300x300.png 300w, https:\/\/hardcore-pasteur.212-227-163-112.plesk.page\/wp-content\/uploads\/2026\/01\/4-1024x1024.png 1024w, https:\/\/hardcore-pasteur.212-227-163-112.plesk.page\/wp-content\/uploads\/2026\/01\/4-150x150.png 150w, https:\/\/hardcore-pasteur.212-227-163-112.plesk.page\/wp-content\/uploads\/2026\/01\/4-768x768.png 768w, https:\/\/hardcore-pasteur.212-227-163-112.plesk.page\/wp-content\/uploads\/2026\/01\/4-1536x1536.png 1536w\" sizes=\"(max-width: 2000px) 100vw, 2000px\" \/><\/div>                    <\/div>\n                                <div class=\"content\">\n                                            <h3 class=\"name-team\">\n                                                            Gonzalo Molina                                                    <\/h3>\n                    \n                                            <div class=\"email\">                            \n                            <a href=\"mailto:contactogonzalo@mail.com\" target=\"_top\">contactogonzalo@mail.com<\/a>\n                        <\/div>\n                    \n                                            <div class=\"phone\">                            \n                            <a href=\"tel:(+34) 624 33 20 13\">(+34) 624 33 20 13<\/a>\n                        <\/div>\n                                    <\/div>\n        <\/div>\n        \t\t\t\t<\/div>\n\t\t\t\t<\/div>\n\t\t\t\t\t<\/div>\n\t\t<\/div>\n\t\t\t\t\t<\/div>\n\t\t<\/section>\n\t\t\t\t<section class=\"elementor-section elementor-top-section elementor-element elementor-element-f67917f elementor-section-stretched elementor-section-full_width elementor-section-height-default elementor-section-height-default\" data-id=\"f67917f\" data-element_type=\"section\" data-settings=\"{&quot;stretch_section&quot;:&quot;section-stretched&quot;,&quot;background_background&quot;:&quot;classic&quot;}\">\n\t\t\t\t\t\t<div class=\"elementor-container elementor-column-gap-extended\">\n\t\t\t\t\t<div class=\"elementor-column elementor-col-50 elementor-top-column elementor-element elementor-element-7ccb06b\" data-id=\"7ccb06b\" data-element_type=\"column\">\n\t\t\t<div class=\"elementor-widget-wrap elementor-element-populated\">\n\t\t\t\t\t\t<div class=\"elementor-element elementor-element-00afff8 elementor-widget elementor-widget-image\" data-id=\"00afff8\" data-element_type=\"widget\" data-widget_type=\"image.default\">\n\t\t\t\t\t\t\t\t\t\t\t\t\t\t\t\t<a href=\"\">\n\t\t\t\t\t\t\t<img decoding=\"async\" width=\"660\" height=\"446\" src=\"https:\/\/hardcore-pasteur.212-227-163-112.plesk.page\/wp-content\/uploads\/2026\/01\/DONDE-ESTA-NOVA-BURRIANA-1024x692.png\" class=\"attachment-large size-large wp-image-7724\" alt=\"\" srcset=\"https:\/\/hardcore-pasteur.212-227-163-112.plesk.page\/wp-content\/uploads\/2026\/01\/DONDE-ESTA-NOVA-BURRIANA-1024x692.png 1024w, https:\/\/hardcore-pasteur.212-227-163-112.plesk.page\/wp-content\/uploads\/2026\/01\/DONDE-ESTA-NOVA-BURRIANA-300x203.png 300w, https:\/\/hardcore-pasteur.212-227-163-112.plesk.page\/wp-content\/uploads\/2026\/01\/DONDE-ESTA-NOVA-BURRIANA-768x519.png 768w, https:\/\/hardcore-pasteur.212-227-163-112.plesk.page\/wp-content\/uploads\/2026\/01\/DONDE-ESTA-NOVA-BURRIANA-1536x1038.png 1536w, https:\/\/hardcore-pasteur.212-227-163-112.plesk.page\/wp-content\/uploads\/2026\/01\/DONDE-ESTA-NOVA-BURRIANA.png 1704w\" sizes=\"(max-width: 660px) 100vw, 660px\" \/>\t\t\t\t\t\t\t\t<\/a>\n\t\t\t\t\t\t\t\t\t\t\t\t\t\t\t<\/div>\n\t\t\t\t\t<\/div>\n\t\t<\/div>\n\t\t\t\t<div class=\"elementor-column elementor-col-50 elementor-top-column elementor-element elementor-element-cfcc4a2 apus-map-form\" data-id=\"cfcc4a2\" data-element_type=\"column\">\n\t\t\t<div class=\"elementor-widget-wrap elementor-element-populated\">\n\t\t\t\t\t\t<div class=\"elementor-element elementor-element-3242e41 elementor-widget elementor-widget-heading\" data-id=\"3242e41\" data-element_type=\"widget\" data-widget_type=\"heading.default\">\n\t\t\t\t\t<h2 class=\"elementor-heading-title elementor-size-default\">Contactar con un asesor<\/h2>\t\t\t\t<\/div>\n\t\t\t\t<div class=\"elementor-element elementor-element-27497d9 elementor-widget elementor-widget-heading\" data-id=\"27497d9\" data-element_type=\"widget\" data-widget_type=\"heading.default\">\n\t\t\t\t\t<p class=\"elementor-heading-title elementor-size-default\">Resolvemos tus dudas y te informamos sin compromiso sobre la promoci\u00f3n.<\/p>\t\t\t\t<\/div>\n\t\t\t\t<div class=\"elementor-element elementor-element-580da33 elementor-widget__width-initial elementor-widget elementor-widget-text-editor\" data-id=\"580da33\" data-element_type=\"widget\" data-widget_type=\"text-editor.default\">\n\t\t\t\t\t\t\t\t\t\n<div class=\"wpcf7 no-js\" id=\"wpcf7-f2454-o1\" lang=\"en-US\" dir=\"ltr\" data-wpcf7-id=\"2454\">\n<div class=\"screen-reader-response\"><p role=\"status\" aria-live=\"polite\" aria-atomic=\"true\"><\/p> <ul><\/ul><\/div>\n<form action=\"\/index.php\/wp-json\/wp\/v2\/pages\/303#wpcf7-f2454-o1\" method=\"post\" class=\"wpcf7-form init\" aria-label=\"Contact form\" novalidate=\"novalidate\" data-status=\"init\">\n<fieldset class=\"hidden-fields-container\"><input type=\"hidden\" name=\"_wpcf7\" value=\"2454\" \/><input type=\"hidden\" name=\"_wpcf7_version\" value=\"6.1.4\" \/><input type=\"hidden\" name=\"_wpcf7_locale\" value=\"en_US\" \/><input type=\"hidden\" name=\"_wpcf7_unit_tag\" value=\"wpcf7-f2454-o1\" \/><input type=\"hidden\" name=\"_wpcf7_container_post\" value=\"0\" \/><input type=\"hidden\" name=\"_wpcf7_posted_data_hash\" value=\"\" \/>\n<\/fieldset>\n<div class=\"pcf7-form-contact page-form-contact row\">\n\t<div class=\"col-md-6 col-sm-12 col-xs-12\">\n\t\t<p><span class=\"wpcf7-form-control-wrap\" data-name=\"your-name\"><input size=\"40\" maxlength=\"400\" class=\"wpcf7-form-control wpcf7-text wpcf7-validates-as-required form-control\" id=\"your-name\" aria-required=\"true\" aria-invalid=\"false\" placeholder=\"Nombre\" value=\"\" type=\"text\" name=\"your-name\" \/><\/span>\n\t\t<\/p>\n\t<\/div>\n\t<div class=\"col-md-6 col-sm-12 col-xs-12\">\n\t\t<p><span class=\"wpcf7-form-control-wrap\" data-name=\"your-email\"><input size=\"40\" maxlength=\"400\" class=\"wpcf7-form-control wpcf7-email wpcf7-validates-as-required wpcf7-text wpcf7-validates-as-email form-control\" id=\"your-email\" aria-required=\"true\" aria-invalid=\"false\" placeholder=\"E-mail\" value=\"\" type=\"email\" name=\"your-email\" \/><\/span>\n\t\t<\/p>\n\t<\/div>\n\t<div class=\"col-md-6 col-sm-12 col-xs-12\">\n\t\t<p><span class=\"wpcf7-form-control-wrap\" data-name=\"text-17\"><input size=\"40\" maxlength=\"400\" class=\"wpcf7-form-control wpcf7-text form-control\" id=\"your-phone\" aria-invalid=\"false\" placeholder=\"Tel\u00e9fono\" value=\"\" type=\"text\" name=\"text-17\" \/><\/span>\n\t\t<\/p>\n\t<\/div>\n\t<div class=\"col-md-6 col-sm-12 col-xs-12\">\n\t\t<p><span class=\"wpcf7-form-control-wrap\" data-name=\"your-subject\"><input size=\"40\" maxlength=\"400\" class=\"wpcf7-form-control wpcf7-text form-control\" id=\"your-subject\" aria-invalid=\"false\" placeholder=\"Asunto\" value=\"\" type=\"text\" name=\"your-subject\" \/><\/span>\n\t\t<\/p>\n\t<\/div>\n\t<div class=\"col-md-12 col-sm-12 col-xs-12\">\n\t\t<p><span class=\"wpcf7-form-control-wrap\" data-name=\"your-message\"><textarea cols=\"40\" rows=\"10\" maxlength=\"2000\" class=\"wpcf7-form-control wpcf7-textarea form-control\" id=\"your-message\" aria-invalid=\"false\" placeholder=\"Mensaje\" name=\"your-message\"><\/textarea><\/span>\n\t\t<\/p>\n\t<\/div>\n\t<div class=\"col-md-12 col-sm-12 col-xs-12\">\n\t\t<p><input class=\"wpcf7-form-control wpcf7-submit has-spinner btn btn-outline\" type=\"submit\" value=\"Contacta con uno de nuestros Agentes\" \/>\n\t\t<\/p>\n\t<\/div>\n<\/div><div class=\"wpcf7-response-output\" aria-hidden=\"true\"><\/div>\n<\/form>\n<\/div>\n\t\t\t\t\t\t\t\t<\/div>\n\t\t\t\t\t<\/div>\n\t\t<\/div>\n\t\t\t\t\t<\/div>\n\t\t<\/section>\n\t\t\t\t<\/div>\n\t\t","protected":false},"excerpt":{"rendered":"<p>Solicita informaci\u00f3n y conoce todas las opciones disponibles en Nova Burriana. Nuestro equipo te asesorar\u00e1 personalmente para que descubras Nova Burriana con total tranquilidad. Direcci\u00f3n: Carrer de Ruiz Zorrilla, 2 12001 Castell\u00f3 de la Plana, Castell\u00f3 Contacto: info@enebgroup.com (+34)644 65 62 67 Adrian A\u00f1o adri@enebgroup.com (+34) 644 65 62 67 Gonzalo Molina contactogonzalo@mail.com (+34) 624 &hellip; <br \/><a href=\"https:\/\/hardcore-pasteur.212-227-163-112.plesk.page\/index.php\/contacto\/\" class=\"more-link\">Continue reading <span class=\"screen-reader-text\">Contacto<\/span><\/a><\/p>\n","protected":false},"author":1,"featured_media":0,"parent":0,"menu_order":0,"comment_status":"closed","ping_status":"closed","template":"","meta":{"footnotes":""},"class_list":["post-303","page","type-page","status-publish","hentry"],"yoast_head":"<!-- This site is optimized with the Yoast SEO plugin v26.7 - https:\/\/yoast.com\/wordpress\/plugins\/seo\/ -->\n<title>Contacto - Nova Burriana<\/title>\n<meta name=\"robots\" content=\"index, follow, max-snippet:-1, max-image-preview:large, max-video-preview:-1\" \/>\n<link rel=\"canonical\" href=\"https:\/\/hardcore-pasteur.212-227-163-112.plesk.page\/index.php\/contacto\/\" \/>\n<meta property=\"og:locale\" content=\"es_ES\" \/>\n<meta property=\"og:type\" content=\"article\" \/>\n<meta property=\"og:title\" content=\"Contacto - Nova Burriana\" \/>\n<meta property=\"og:description\" content=\"Solicita informaci\u00f3n y conoce todas las opciones disponibles en Nova Burriana. Nuestro equipo te asesorar\u00e1 personalmente para que descubras Nova Burriana con total tranquilidad. Direcci\u00f3n: Carrer de Ruiz Zorrilla, 2 12001 Castell\u00f3 de la Plana, Castell\u00f3 Contacto: info@enebgroup.com (+34)644 65 62 67 Adrian A\u00f1o adri@enebgroup.com (+34) 644 65 62 67 Gonzalo Molina contactogonzalo@mail.com (+34) 624 &hellip; Continue reading Contacto\" \/>\n<meta property=\"og:url\" content=\"https:\/\/hardcore-pasteur.212-227-163-112.plesk.page\/index.php\/contacto\/\" \/>\n<meta property=\"og:site_name\" content=\"Nova Burriana\" \/>\n<meta property=\"article:modified_time\" content=\"2026-01-13T22:48:18+00:00\" \/>\n<meta property=\"og:image\" content=\"https:\/\/hardcore-pasteur.212-227-163-112.plesk.page\/wp-content\/uploads\/2026\/01\/3.png\" \/>\n<meta name=\"twitter:card\" content=\"summary_large_image\" \/>\n<meta name=\"twitter:label1\" content=\"Tiempo de lectura\" \/>\n\t<meta name=\"twitter:data1\" content=\"1 minuto\" \/>\n<script type=\"application\/ld+json\" class=\"yoast-schema-graph\">{\"@context\":\"https:\/\/schema.org\",\"@graph\":[{\"@type\":\"WebPage\",\"@id\":\"https:\/\/hardcore-pasteur.212-227-163-112.plesk.page\/index.php\/contacto\/\",\"url\":\"https:\/\/hardcore-pasteur.212-227-163-112.plesk.page\/index.php\/contacto\/\",\"name\":\"Contacto - Nova Burriana\",\"isPartOf\":{\"@id\":\"https:\/\/hardcore-pasteur.212-227-163-112.plesk.page\/#website\"},\"primaryImageOfPage\":{\"@id\":\"https:\/\/hardcore-pasteur.212-227-163-112.plesk.page\/index.php\/contacto\/#primaryimage\"},\"image\":{\"@id\":\"https:\/\/hardcore-pasteur.212-227-163-112.plesk.page\/index.php\/contacto\/#primaryimage\"},\"thumbnailUrl\":\"https:\/\/hardcore-pasteur.212-227-163-112.plesk.page\/wp-content\/uploads\/2026\/01\/3.png\",\"datePublished\":\"2019-05-16T03:46:47+00:00\",\"dateModified\":\"2026-01-13T22:48:18+00:00\",\"breadcrumb\":{\"@id\":\"https:\/\/hardcore-pasteur.212-227-163-112.plesk.page\/index.php\/contacto\/#breadcrumb\"},\"inLanguage\":\"es\",\"potentialAction\":[{\"@type\":\"ReadAction\",\"target\":[\"https:\/\/hardcore-pasteur.212-227-163-112.plesk.page\/index.php\/contacto\/\"]}]},{\"@type\":\"ImageObject\",\"inLanguage\":\"es\",\"@id\":\"https:\/\/hardcore-pasteur.212-227-163-112.plesk.page\/index.php\/contacto\/#primaryimage\",\"url\":\"https:\/\/hardcore-pasteur.212-227-163-112.plesk.page\/wp-content\/uploads\/2026\/01\/3.png\",\"contentUrl\":\"https:\/\/hardcore-pasteur.212-227-163-112.plesk.page\/wp-content\/uploads\/2026\/01\/3.png\",\"width\":2000,\"height\":2000},{\"@type\":\"BreadcrumbList\",\"@id\":\"https:\/\/hardcore-pasteur.212-227-163-112.plesk.page\/index.php\/contacto\/#breadcrumb\",\"itemListElement\":[{\"@type\":\"ListItem\",\"position\":1,\"name\":\"Portada\",\"item\":\"https:\/\/hardcore-pasteur.212-227-163-112.plesk.page\/\"},{\"@type\":\"ListItem\",\"position\":2,\"name\":\"Contacto\"}]},{\"@type\":\"WebSite\",\"@id\":\"https:\/\/hardcore-pasteur.212-227-163-112.plesk.page\/#website\",\"url\":\"https:\/\/hardcore-pasteur.212-227-163-112.plesk.page\/\",\"name\":\"Nova Burriana\",\"description\":\"\",\"publisher\":{\"@id\":\"https:\/\/hardcore-pasteur.212-227-163-112.plesk.page\/#organization\"},\"potentialAction\":[{\"@type\":\"SearchAction\",\"target\":{\"@type\":\"EntryPoint\",\"urlTemplate\":\"https:\/\/hardcore-pasteur.212-227-163-112.plesk.page\/?s={search_term_string}\"},\"query-input\":{\"@type\":\"PropertyValueSpecification\",\"valueRequired\":true,\"valueName\":\"search_term_string\"}}],\"inLanguage\":\"es\"},{\"@type\":\"Organization\",\"@id\":\"https:\/\/hardcore-pasteur.212-227-163-112.plesk.page\/#organization\",\"name\":\"Nova Burriana\",\"url\":\"https:\/\/hardcore-pasteur.212-227-163-112.plesk.page\/\",\"logo\":{\"@type\":\"ImageObject\",\"inLanguage\":\"es\",\"@id\":\"https:\/\/hardcore-pasteur.212-227-163-112.plesk.page\/#\/schema\/logo\/image\/\",\"url\":\"https:\/\/hardcore-pasteur.212-227-163-112.plesk.page\/wp-content\/uploads\/2026\/01\/Diseno-sin-titulo-1.png\",\"contentUrl\":\"https:\/\/hardcore-pasteur.212-227-163-112.plesk.page\/wp-content\/uploads\/2026\/01\/Diseno-sin-titulo-1.png\",\"width\":2000,\"height\":2000,\"caption\":\"Nova Burriana\"},\"image\":{\"@id\":\"https:\/\/hardcore-pasteur.212-227-163-112.plesk.page\/#\/schema\/logo\/image\/\"}}]}<\/script>\n<!-- \/ Yoast SEO plugin. -->","yoast_head_json":{"title":"Contacto - Nova Burriana","robots":{"index":"index","follow":"follow","max-snippet":"max-snippet:-1","max-image-preview":"max-image-preview:large","max-video-preview":"max-video-preview:-1"},"canonical":"https:\/\/hardcore-pasteur.212-227-163-112.plesk.page\/index.php\/contacto\/","og_locale":"es_ES","og_type":"article","og_title":"Contacto - Nova Burriana","og_description":"Solicita informaci\u00f3n y conoce todas las opciones disponibles en Nova Burriana. Nuestro equipo te asesorar\u00e1 personalmente para que descubras Nova Burriana con total tranquilidad. Direcci\u00f3n: Carrer de Ruiz Zorrilla, 2 12001 Castell\u00f3 de la Plana, Castell\u00f3 Contacto: info@enebgroup.com (+34)644 65 62 67 Adrian A\u00f1o adri@enebgroup.com (+34) 644 65 62 67 Gonzalo Molina contactogonzalo@mail.com (+34) 624 &hellip; Continue reading Contacto","og_url":"https:\/\/hardcore-pasteur.212-227-163-112.plesk.page\/index.php\/contacto\/","og_site_name":"Nova Burriana","article_modified_time":"2026-01-13T22:48:18+00:00","og_image":[{"url":"https:\/\/hardcore-pasteur.212-227-163-112.plesk.page\/wp-content\/uploads\/2026\/01\/3.png","type":"","width":"","height":""}],"twitter_card":"summary_large_image","twitter_misc":{"Tiempo de lectura":"1 minuto"},"schema":{"@context":"https:\/\/schema.org","@graph":[{"@type":"WebPage","@id":"https:\/\/hardcore-pasteur.212-227-163-112.plesk.page\/index.php\/contacto\/","url":"https:\/\/hardcore-pasteur.212-227-163-112.plesk.page\/index.php\/contacto\/","name":"Contacto - Nova Burriana","isPartOf":{"@id":"https:\/\/hardcore-pasteur.212-227-163-112.plesk.page\/#website"},"primaryImageOfPage":{"@id":"https:\/\/hardcore-pasteur.212-227-163-112.plesk.page\/index.php\/contacto\/#primaryimage"},"image":{"@id":"https:\/\/hardcore-pasteur.212-227-163-112.plesk.page\/index.php\/contacto\/#primaryimage"},"thumbnailUrl":"https:\/\/hardcore-pasteur.212-227-163-112.plesk.page\/wp-content\/uploads\/2026\/01\/3.png","datePublished":"2019-05-16T03:46:47+00:00","dateModified":"2026-01-13T22:48:18+00:00","breadcrumb":{"@id":"https:\/\/hardcore-pasteur.212-227-163-112.plesk.page\/index.php\/contacto\/#breadcrumb"},"inLanguage":"es","potentialAction":[{"@type":"ReadAction","target":["https:\/\/hardcore-pasteur.212-227-163-112.plesk.page\/index.php\/contacto\/"]}]},{"@type":"ImageObject","inLanguage":"es","@id":"https:\/\/hardcore-pasteur.212-227-163-112.plesk.page\/index.php\/contacto\/#primaryimage","url":"https:\/\/hardcore-pasteur.212-227-163-112.plesk.page\/wp-content\/uploads\/2026\/01\/3.png","contentUrl":"https:\/\/hardcore-pasteur.212-227-163-112.plesk.page\/wp-content\/uploads\/2026\/01\/3.png","width":2000,"height":2000},{"@type":"BreadcrumbList","@id":"https:\/\/hardcore-pasteur.212-227-163-112.plesk.page\/index.php\/contacto\/#breadcrumb","itemListElement":[{"@type":"ListItem","position":1,"name":"Portada","item":"https:\/\/hardcore-pasteur.212-227-163-112.plesk.page\/"},{"@type":"ListItem","position":2,"name":"Contacto"}]},{"@type":"WebSite","@id":"https:\/\/hardcore-pasteur.212-227-163-112.plesk.page\/#website","url":"https:\/\/hardcore-pasteur.212-227-163-112.plesk.page\/","name":"Nova Burriana","description":"","publisher":{"@id":"https:\/\/hardcore-pasteur.212-227-163-112.plesk.page\/#organization"},"potentialAction":[{"@type":"SearchAction","target":{"@type":"EntryPoint","urlTemplate":"https:\/\/hardcore-pasteur.212-227-163-112.plesk.page\/?s={search_term_string}"},"query-input":{"@type":"PropertyValueSpecification","valueRequired":true,"valueName":"search_term_string"}}],"inLanguage":"es"},{"@type":"Organization","@id":"https:\/\/hardcore-pasteur.212-227-163-112.plesk.page\/#organization","name":"Nova Burriana","url":"https:\/\/hardcore-pasteur.212-227-163-112.plesk.page\/","logo":{"@type":"ImageObject","inLanguage":"es","@id":"https:\/\/hardcore-pasteur.212-227-163-112.plesk.page\/#\/schema\/logo\/image\/","url":"https:\/\/hardcore-pasteur.212-227-163-112.plesk.page\/wp-content\/uploads\/2026\/01\/Diseno-sin-titulo-1.png","contentUrl":"https:\/\/hardcore-pasteur.212-227-163-112.plesk.page\/wp-content\/uploads\/2026\/01\/Diseno-sin-titulo-1.png","width":2000,"height":2000,"caption":"Nova Burriana"},"image":{"@id":"https:\/\/hardcore-pasteur.212-227-163-112.plesk.page\/#\/schema\/logo\/image\/"}}]}},"_links":{"self":[{"href":"https:\/\/hardcore-pasteur.212-227-163-112.plesk.page\/index.php\/wp-json\/wp\/v2\/pages\/303","targetHints":{"allow":["GET"]}}],"collection":[{"href":"https:\/\/hardcore-pasteur.212-227-163-112.plesk.page\/index.php\/wp-json\/wp\/v2\/pages"}],"about":[{"href":"https:\/\/hardcore-pasteur.212-227-163-112.plesk.page\/index.php\/wp-json\/wp\/v2\/types\/page"}],"author":[{"embeddable":true,"href":"https:\/\/hardcore-pasteur.212-227-163-112.plesk.page\/index.php\/wp-json\/wp\/v2\/users\/1"}],"replies":[{"embeddable":true,"href":"https:\/\/hardcore-pasteur.212-227-163-112.plesk.page\/index.php\/wp-json\/wp\/v2\/comments?post=303"}],"version-history":[{"count":27,"href":"https:\/\/hardcore-pasteur.212-227-163-112.plesk.page\/index.php\/wp-json\/wp\/v2\/pages\/303\/revisions"}],"predecessor-version":[{"id":7764,"href":"https:\/\/hardcore-pasteur.212-227-163-112.plesk.page\/index.php\/wp-json\/wp\/v2\/pages\/303\/revisions\/7764"}],"wp:attachment":[{"href":"https:\/\/hardcore-pasteur.212-227-163-112.plesk.page\/index.php\/wp-json\/wp\/v2\/media?parent=303"}],"curies":[{"name":"wp","href":"https:\/\/api.w.org\/{rel}","templated":true}]}}